{"id":73,"date":"2018-04-18T10:02:31","date_gmt":"2018-04-18T08:02:31","guid":{"rendered":"https:\/\/www.quasar.ro\/quasarind\/?page_id=73"},"modified":"2018-04-19T11:20:58","modified_gmt":"2018-04-19T09:20:58","slug":"tamplarie-aluminiu","status":"publish","type":"page","link":"https:\/\/www.quasar.ro\/quasarind\/?page_id=73","title":{"rendered":"Tamplarie Aluminiu"},"content":{"rendered":"<style> .entry-title {display: none;} <\/style>\n<p><strong>\u00a0Sisteme de profile Aluminiu:<\/strong><\/p>\n<p><strong>SCHUCO AWS60:<\/strong><\/p>\n<ul>\n<li>Ad\u00e2ncime de construc\u021bie 60\u2009mm<\/li>\n<li>Izolare termic\u0103 bun\u0103 datorit\u0103 zonei izolatoare late<\/li>\n<li>Ferestrele Sch\u00fcco AWS 60.HI sunt o variant\u0103 de execu\u021bie cu izolare termic\u0103 optimizat\u0103<\/li>\n<li>Serie de ferestre Sch\u00fcco cu l\u0103\u021bimi vizibile de la 51 mm<\/li>\n<li>Variante de design Sch\u00fcco AWS 60 RL (Residential Line), Sch\u00fcco AWS 60 SL (Soft Line) \u0219i Sch\u00fcco AWS 60 BS (Block System)<\/li>\n<li>Feronerie ascuns\u0103 Sch\u00fcco AvanTec SimplySmart p\u00e2n\u0103 la 160\u2009kg<\/li>\n<li>Rezisten\u021b\u0103 antiefrac\u021bie RC 2<\/li>\n<li>Se pot combina cu sistemul pentru u\u0219i Sch\u00fcco ADS 60<\/li>\n<li>Vopsirea profilelor \u00een dou\u0103 culori este posibil\u0103<\/li>\n<\/ul>\n<p><strong>SCHUCO ADS 60:<\/strong><\/p>\n<ul>\n<li>Sch\u00fcco ADS 60 serie de u\u0219i pentru zone climatice temperate<\/li>\n<li>Valoare Uf den 2,6 W\/(m2K) la ad\u00e2ncimea profilului de 50 mm<\/li>\n<li>Cercevea \u0219i toc coplanare<\/li>\n<li>Numeroase variante: 1 sau 2 canaturi, cu deschidere c\u0103tre interior sau exterior, u\u0219i anti-panic\u0103<\/li>\n<li>Solu\u021bii plate a pragului pentru o construc\u021bie f\u0103r\u0103 bariere, precum \u0219i limite inferioare reglabile<\/li>\n<li>Rezisten\u021b\u0103 antiefrac\u021bie p\u00e2n\u0103 la clasa RC2<\/li>\n<li>Cercevea perimetral\u0103 sau cu profil de prag<\/li>\n<li>Integrabil \u00een pere\u021bi cortin\u0103<\/li>\n<\/ul>\n<p><strong>SCHUCO AWS75.SI+:<\/strong><\/p>\n<ul>\n<li>Sistem de profile pentru ferestre Sch\u00fcco AWS 75.SI+ &#8211; construc\u021bie SI &#8211; izolare termic\u0103 foarte bun\u0103<\/li>\n<li>Valori Uf de la 0,92\u2009W\/(m\u00b2K) pentru ferestre de aluminiu extrem de bine izolate<\/li>\n<li>Bare izolatoare cu con\u021binut m\u0103rit de spum\u0103<\/li>\n<li>Garnitur\u0103 de b\u0103taie nou\u0103, cu camere suplimentare<\/li>\n<li>Izolare \u00een fal\u021b optimizat\u0103 energetic<\/li>\n<li>Feronerie ascuns\u0103 Sch\u00fcco AvanTec SimplySmart \u0219i TipTronic<\/li>\n<li>Rezisten\u021b\u0103 antiefrac\u021bie p\u00e2n\u0103 la clasa RC 3<\/li>\n<li>Op\u021bional disponibil\u0103 \u0219i varianta cu deschidere spre exterior<\/li>\n<li>Montaj simplu \u0219i rapid<\/li>\n<li>Compatibil cu sistemele pentru u\u0219i Sch\u00fcco ADS 75.SI+\/ ADS 75 HD.HI\u200b<\/li>\n<\/ul>\n<p><strong>SCHUCO ADS 65:<\/strong><\/p>\n<ul>\n<li>Sch\u00fcco ADS 65 optimizat pentru u\u0219i de intrare \u0219i secundare<\/li>\n<li>L\u0103\u021bimi vizibile mici, de la 147 mm<\/li>\n<li>Valoare Uf de 2,3 W\/(m2K) la ad\u00e2ncime de construc\u021bie 65 mm<\/li>\n<li>Greutatea cercevelei p\u00e2n\u0103 la 150 kg<\/li>\n<li>Variante de execu\u021bie: cu 1 sau 2 canaturi, cu deschidere spre interior sau exterior, u\u0219i antipanic\u0103, f\u0103r\u0103 prinderea degetelor<\/li>\n<li>Serii design: ADS 65 RL (Residential Line), ADS 65 SL (Soft Line-Kontur)<\/li>\n<li>Se pot executa cercevele de u\u0219i cu blat coplanar cu tocul<\/li>\n<li>Se pot integra \u00een sistemele de pere\u021bi cortin\u0103 Sch\u00fcco<\/li>\n<li>Rezisten\u021b\u0103 antiefrac\u021bie p\u00e2n\u0103 la RC3<\/li>\n<li>Compatibile cu Sch\u00fcco AWS 65<\/li>\n<\/ul>\n<p><strong>ALUMIL M11000:<\/strong><\/p>\n<ul>\n<li>M11000 este un sistem complex de tamplarie batanta, destinat realizarii de ferestre si usi cu rupere de punte termica.<\/li>\n<li>Caracteristicile sistemului:<\/li>\n<li>Gama larga de profile cu aspect drept, rotunjit, tesit si clasic<\/li>\n<li>Posibilitatea realizarii ferestrelor cu cercevea ascunsa<\/li>\n<li>Posibilitatea montarii atat a feroneriei de 11 mm pentru camera europeana cat si a feroneriei de 16mm cu un grad ridicat de protectie antiefractie (WK3)<\/li>\n<li>Posibilitatea realizarii oricaror tipologii de usi de acces<\/li>\n<li>Posibilitatea realizarii tipologiilor pivotante atat pe orizontala cat si pe verticala<\/li>\n<li>Acopera intreaga gama de cerinte arhitecturale arhitecturale<\/li>\n<\/ul>\n","protected":false},"excerpt":{"rendered":"<p>\u00a0Sisteme de profile Aluminiu: SCHUCO AWS60: Ad\u00e2ncime de construc\u021bie 60\u2009mm Izolare termic\u0103 bun\u0103 datorit\u0103 zonei izolatoare late Ferestrele Sch\u00fcco AWS 60.HI sunt o variant\u0103 de execu\u021bie cu izolare termic\u0103 optimizat\u0103 Serie de ferestre Sch\u00fcco cu l\u0103\u021bimi vizibile de la 51 mm Variante de design Sch\u00fcco AWS 60 RL (Residential Line), Sch\u00fcco AWS 60 SL (Soft\u2026 <span class=\"read-more\"><a href=\"https:\/\/www.quasar.ro\/quasarind\/?page_id=73\">Read More &raquo;<\/a><\/span><\/p>\n","protected":false},"author":1,"featured_media":0,"parent":0,"menu_order":0,"comment_status":"closed","ping_status":"closed","template":"page-templates\/full-width.php","meta":{"footnotes":""},"class_list":["post-73","page","type-page","status-publish","hentry"],"_links":{"self":[{"href":"https:\/\/www.quasar.ro\/quasarind\/index.php?rest_route=\/wp\/v2\/pages\/73","targetHints":{"allow":["GET"]}}],"collection":[{"href":"https:\/\/www.quasar.ro\/quasarind\/index.php?rest_route=\/wp\/v2\/pages"}],"about":[{"href":"https:\/\/www.quasar.ro\/quasarind\/index.php?rest_route=\/wp\/v2\/types\/page"}],"author":[{"embeddable":true,"href":"https:\/\/www.quasar.ro\/quasarind\/index.php?rest_route=\/wp\/v2\/users\/1"}],"replies":[{"embeddable":true,"href":"https:\/\/www.quasar.ro\/quasarind\/index.php?rest_route=%2Fwp%2Fv2%2Fcomments&post=73"}],"version-history":[{"count":4,"href":"https:\/\/www.quasar.ro\/quasarind\/index.php?rest_route=\/wp\/v2\/pages\/73\/revisions"}],"predecessor-version":[{"id":105,"href":"https:\/\/www.quasar.ro\/quasarind\/index.php?rest_route=\/wp\/v2\/pages\/73\/revisions\/105"}],"wp:attachment":[{"href":"https:\/\/www.quasar.ro\/quasarind\/index.php?rest_route=%2Fwp%2Fv2%2Fmedia&parent=73"}],"curies":[{"name":"wp","href":"https:\/\/api.w.org\/{rel}","templated":true}]}}